{"id":10,"date":"2019-09-15T05:45:37","date_gmt":"2019-09-15T05:45:37","guid":{"rendered":"https:\/\/stokkafysio.no\/?page_id=10"},"modified":"2020-01-10T20:20:55","modified_gmt":"2020-01-10T20:20:55","slug":"kontak-oss","status":"publish","type":"page","link":"https:\/\/stokkafysio.no\/?page_id=10","title":{"rendered":"Kontakt oss"},"content":{"rendered":"\n<p style=\"font-size:18px\">Har du sp\u00f8rsm\u00e5l eller \u00f8nsker \u00e5 bestille time? <br>Ring oss p\u00e5 tlf.&nbsp;<a>51 53 83 53<\/a><strong><a href=\"http:\/\/3.19.9.234\/\">&nbsp;<\/a><\/strong>eller send en e-post til&nbsp;<strong><a href=\"mailto:post@stokkafysio.no\">post@stokkafysio.no<\/a><\/strong>.<\/p>\n\n\n\n<p style=\"font-size:18px\">Vi holder til like ved Stavanger Stadion p\u00e5 Eiganes.<br>V\u00e5r adresser er:<\/p>\n\n\n\n<p style=\"font-size:18px\"><strong>Torf\u00e6us gate 82B,<br>4024 Stavanger<\/strong><\/p>\n\n\n\n<figure class=\"wp-block-gallery columns-1 is-cropped wp-block-gallery-1 is-layout-flex wp-block-gallery-is-layout-flex\"><ul class=\"blocks-gallery-grid\"><li class=\"blocks-gallery-item\"><figure><img loading=\"lazy\" decoding=\"async\" width=\"695\" height=\"563\" src=\"https:\/\/stokkafysio.no\/wp-content\/uploads\/2019\/09\/Skjermbilde-2019-09-15-07.55.38.png\" alt=\"\" data-id=\"21\" data-link=\"https:\/\/stokkafysio.no\/?attachment_id=21\" class=\"wp-image-21\" srcset=\"https:\/\/stokkafysio.no\/wp-content\/uploads\/2019\/09\/Skjermbilde-2019-09-15-07.55.38.png 695w, https:\/\/stokkafysio.no\/wp-content\/uploads\/2019\/09\/Skjermbilde-2019-09-15-07.55.38-300x243.png 300w\" sizes=\"(max-width: 695px) 100vw, 695px\" \/><\/figure><\/li><\/ul><\/figure>\n","protected":false},"excerpt":{"rendered":"<p>Har du sp\u00f8rsm\u00e5l eller \u00f8nsker \u00e5 bestille time? Ring oss p\u00e5 tlf.&nbsp;51 53 83 53&nbsp;eller send en e-post til&nbsp;post@stokkafysio.no. Vi holder til like ved Stavanger Stadion p\u00e5 Eiganes.V\u00e5r adresser er: &#8230;<\/p>\n","protected":false},"author":1,"featured_media":0,"parent":0,"menu_order":0,"comment_status":"closed","ping_status":"closed","template":"","meta":{"_mi_skip_tracking":false,"_exactmetrics_sitenote_active":false,"_exactmetrics_sitenote_note":"","_exactmetrics_sitenote_category":0,"footnotes":""},"_links":{"self":[{"href":"https:\/\/stokkafysio.no\/index.php?rest_route=\/wp\/v2\/pages\/10"}],"collection":[{"href":"https:\/\/stokkafysio.no\/index.php?rest_route=\/wp\/v2\/pages"}],"about":[{"href":"https:\/\/stokkafysio.no\/index.php?rest_route=\/wp\/v2\/types\/page"}],"author":[{"embeddable":true,"href":"https:\/\/stokkafysio.no\/index.php?rest_route=\/wp\/v2\/users\/1"}],"replies":[{"embeddable":true,"href":"https:\/\/stokkafysio.no\/index.php?rest_route=%2Fwp%2Fv2%2Fcomments&post=10"}],"version-history":[{"count":11,"href":"https:\/\/stokkafysio.no\/index.php?rest_route=\/wp\/v2\/pages\/10\/revisions"}],"predecessor-version":[{"id":107,"href":"https:\/\/stokkafysio.no\/index.php?rest_route=\/wp\/v2\/pages\/10\/revisions\/107"}],"wp:attachment":[{"href":"https:\/\/stokkafysio.no\/index.php?rest_route=%2Fwp%2Fv2%2Fmedia&parent=10"}],"curies":[{"name":"wp","href":"https:\/\/api.w.org\/{rel}","templated":true}]}}